{"id":2008,"date":"2018-01-10T14:15:28","date_gmt":"2018-01-10T14:15:28","guid":{"rendered":"http:\/\/bridge129.qodeinteractive.com\/?page_id=4"},"modified":"2024-01-11T17:36:15","modified_gmt":"2024-01-11T16:36:15","slug":"home","status":"publish","type":"page","link":"https:\/\/pallicura.de\/verein\/","title":{"rendered":"Home"},"content":{"rendered":"<p>[vc_row css_animation=&#8220;&#8220; row_type=&#8220;row&#8220; use_row_as_full_screen_section=&#8220;no&#8220; type=&#8220;grid&#8220; in_content_menu=&#8220;in_content_menu&#8220; content_menu_icon=&#8220;&#8220; angled_section=&#8220;no&#8220; text_align=&#8220;left&#8220; background_image_as_pattern=&#8220;without_pattern&#8220; z_index=&#8220;&#8220; background_color=&#8220;#ffffff&#8220; padding_top=&#8220;100&#8243; padding_bottom=&#8220;75&#8243;][vc_column width=&#8220;1\/2&#8243;][vc_single_image image=&#8220;2629&#8243; img_size=&#8220;medium&#8220; alignment=&#8220;center&#8220; qode_css_animation=&#8220;&#8220; css=&#8220;.vc_custom_1704990973992{padding-bottom: 32px !important;}&#8220;][\/vc_column][vc_column width=&#8220;1\/2&#8243; css=&#8220;.vc_custom_1636464135357{padding-bottom: 32px !important;}&#8220;][vc_column_text]<\/p>\n<h4 class=\"mbr-section-subtitle mbr-regular mbr-fonts-style display-4\"><\/h4>\n<h2><span style=\"color: #968a98;\"><small>Verein zur F\u00f6rderung der regionalen Hospiz- und Palliativversorgung<\/small><\/span><\/h2>\n<p>&nbsp;<\/p>\n<p>Der Pallicura F\u00f6rderverein e.V. hat das Palliative Care Team Pallicura, welches die spezialisierte ambulante Palliativversorgung, kurz SAPV, im Landkreis Schwandorf anbietet, in den Jahren 2012 und 2013 aufgebaut. Mit der Zulassung des Palliative Care Teams durch die gesetzlichen Krankenkassen im Oktober 2013 wurde die Tr\u00e4gerschaft f\u00fcr das Palliative Care Team von der Pallicura GmbH \u00fcbernommen, so dass dieses nun selbstst\u00e4ndig t\u00e4tig ist.[\/vc_column_text][vc_column_text]Seither hat es sich der Verein zur Aufgabe gemacht, die Patienten des Palliativteams und die Arbeit von gemeinn\u00fctzigen Einrichtungen der Palliativ- und Hospizversorgung im Raum Schwandorf zu unterst\u00fctzen. Vor allem werden die Spenden und Mitgliedsbeitr\u00e4ge dazu genutzt, Angebote f\u00fcr Palliativpatienten und ihre Familien ins Leben zu rufen, die in der Region noch gebraucht werden oder deren Kosten nicht von den Kostentr\u00e4gern \u00fcbernommen werden. Palliativpatienten sind Menschen mit schweren Erkrankungen, bei denen eine Heilung nicht mehr m\u00f6glich ist. Sie bed\u00fcrfen einer palliativen Versorgung, bei der nicht mehr die Heilung und Lebensverl\u00e4ngerung im Vordergrund steht, sondern der bestm\u00f6gliche Erhalt der Lebensqualit\u00e4t.<\/p>\n<p>Au\u00dferdem bietet er \u00fcber die vereinseigene Pallicura Akademie praxisnahe Fort- und Weiterbildungen sowie Informationsveranstaltungen und Workshops mit dem Schwerpunkt Palliativversorgung f\u00fcr Berufst\u00e4tige und Ehrenamtliche im Gesundheits- und Sozialwesen sowie f\u00fcr pflegende Angeh\u00f6rige und Nahestehende an.[\/vc_column_text][\/vc_column][\/vc_row][vc_row css_animation=&#8220;&#8220; row_type=&#8220;row&#8220; use_row_as_full_screen_section=&#8220;no&#8220; type=&#8220;grid&#8220; angled_section=&#8220;no&#8220; text_align=&#8220;left&#8220; background_image_as_pattern=&#8220;without_pattern&#8220; z_index=&#8220;&#8220; background_color=&#8220;#ffffff&#8220; padding_top=&#8220;35&#8243; padding_bottom=&#8220;75&#8243;][vc_column width=&#8220;1\/2&#8243;][vc_single_image image=&#8220;2559&#8243; img_size=&#8220;large&#8220; qode_css_animation=&#8220;&#8220;][\/vc_column][vc_column width=&#8220;1\/2&#8243;][vc_column_text css=&#8220;.vc_custom_1704961446271{padding-top: 120px !important;padding-right: 50px !important;padding-bottom: 110px !important;padding-left: 50px !important;background-color: #968a98 !important;}&#8220;]<\/p>\n<h3><span style=\"color: #ffffff;\">VEREINSZWECK<\/span><\/h3>\n<p>&nbsp;<\/p>\n<p><span style=\"color: #ffffff;\">Zweck des Vereins ist die aktive F\u00f6rderung der Palliativ- und Hospizversorgung sowie die Unterst\u00fctzung von Palliativpatienten und ihren Familien und Zugeh\u00f6rigen in und um den Landkreis Schwandorf.<\/span>[\/vc_column_text][vc_empty_space height=&#8220;64px&#8220;][vc_single_image image=&#8220;2488&#8243; img_size=&#8220;large&#8220; qode_css_animation=&#8220;&#8220;][\/vc_column][\/vc_row]<\/p>\n","protected":false},"excerpt":{"rendered":"<p>[vc_row css_animation=&#8220;&#8220; row_type=&#8220;row&#8220; use_row_as_full_screen_section=&#8220;no&#8220; type=&#8220;grid&#8220; in_content_menu=&#8220;in_content_menu&#8220; content_menu_icon=&#8220;&#8220; angled_section=&#8220;no&#8220; text_align=&#8220;left&#8220; background_image_as_pattern=&#8220;without_pattern&#8220; z_index=&#8220;&#8220; background_color=&#8220;#ffffff&#8220; padding_top=&#8220;100&#8243; padding_bottom=&#8220;75&#8243;][vc_column width=&#8220;1\/2&#8243;][vc_single_image image=&#8220;2629&#8243; img_size=&#8220;medium&#8220; alignment=&#8220;center&#8220; qode_css_animation=&#8220;&#8220; css=&#8220;.vc_custom_1704990973992{padding-bottom: 32px !important;}&#8220;][\/vc_column][vc_column width=&#8220;1\/2&#8243; css=&#8220;.vc_custom_1636464135357{padding-bottom: 32px !important;}&#8220;][vc_column_text] Verein zur F\u00f6rderung der regionalen Hospiz- und Palliativversorgung &nbsp; Der Pallicura F\u00f6rderverein e.V. hat das Palliative Care Team Pallicura,&#8230;<\/p>\n","protected":false},"author":1,"featured_media":0,"parent":0,"menu_order":0,"comment_status":"closed","ping_status":"closed","template":"full_width.php","meta":{"footnotes":""},"class_list":["post-2008","page","type-page","status-publish","hentry"],"_links":{"self":[{"href":"https:\/\/pallicura.de\/verein\/wp-json\/wp\/v2\/pages\/2008","targetHints":{"allow":["GET"]}}],"collection":[{"href":"https:\/\/pallicura.de\/verein\/wp-json\/wp\/v2\/pages"}],"about":[{"href":"https:\/\/pallicura.de\/verein\/wp-json\/wp\/v2\/types\/page"}],"author":[{"embeddable":true,"href":"https:\/\/pallicura.de\/verein\/wp-json\/wp\/v2\/users\/1"}],"replies":[{"embeddable":true,"href":"https:\/\/pallicura.de\/verein\/wp-json\/wp\/v2\/comments?post=2008"}],"version-history":[{"count":29,"href":"https:\/\/pallicura.de\/verein\/wp-json\/wp\/v2\/pages\/2008\/revisions"}],"predecessor-version":[{"id":2630,"href":"https:\/\/pallicura.de\/verein\/wp-json\/wp\/v2\/pages\/2008\/revisions\/2630"}],"wp:attachment":[{"href":"https:\/\/pallicura.de\/verein\/wp-json\/wp\/v2\/media?parent=2008"}],"curies":[{"name":"wp","href":"https:\/\/api.w.org\/{rel}","templated":true}]}}