{"id":2449,"date":"2021-11-23T11:28:05","date_gmt":"2021-11-23T10:28:05","guid":{"rendered":"https:\/\/pallicura.de\/verein\/?page_id=2449"},"modified":"2025-02-08T00:25:17","modified_gmt":"2025-02-07T23:25:17","slug":"spendenaktion","status":"publish","type":"page","link":"https:\/\/pallicura.de\/verein\/spendenaktion\/","title":{"rendered":"SPENDENAKTION"},"content":{"rendered":"<p>[vc_row css_animation=&#8220;&#8220; row_type=&#8220;row&#8220; use_row_as_full_screen_section=&#8220;no&#8220; type=&#8220;grid&#8220; angled_section=&#8220;no&#8220; text_align=&#8220;left&#8220; background_image_as_pattern=&#8220;without_pattern&#8220; z_index=&#8220;&#8220; padding_top=&#8220;100&#8243; padding_bottom=&#8220;35&#8243;][vc_column width=&#8220;1\/2&#8243;][vc_column_text css=&#8220;.vc_custom_1738970716130{padding-bottom: 35px !important;}&#8220;]<\/p>\n<h2 style=\"font-weight: 400;\"><strong>B\u00fcrgerfesthut \u2013 Ein alter Hut tut gut<\/strong><\/h2>\n<p>&nbsp;<\/p>\n<p style=\"font-weight: 400;\">Unter dem Motto <strong>\u201eEin alter Hut tut gut\u201c<\/strong> organisiert der Pallicura F\u00f6rderverein e.V. alle zwei Jahre auf dem <strong>Schwandorfer B\u00fcrgerfest<\/strong> eine besondere Spendenaktion. Der Erl\u00f6s kommt <strong>Einrichtungen zugute, die schwer erkrankte Kinder, Jugendliche und Erwachsene betreuen<\/strong>.<\/p>\n<p style=\"font-weight: 400;\">Dabei werden kreativ gestaltete, ausgefallene <strong>B\u00fcrgerfesth\u00fcte<\/strong> zum Verkauf angeboten \u2013 jedes St\u00fcck ein Unikat!<\/p>\n<p style=\"font-weight: 400;\">Die Aktion, die seit vielen Jahren ein fester Bestandteil des B\u00fcrgerfestes ist, wurde von <strong>Sonja Kellner (1. Vorsitzende)<\/strong> ins Leben gerufen und erfreut sich gro\u00dfer Beliebtheit.<\/p>\n<p>&nbsp;<\/p>\n<p style=\"font-weight: 400;\"><strong>Wie Sie helfen k\u00f6nnen:<\/strong><\/p>\n<ol>\n<li style=\"font-weight: 400;\"><strong> H\u00fcte spenden<\/strong><br \/>\nHaben Sie <strong>ausgediente oder nicht mehr getragene H\u00fcte<\/strong>, die Sie der Aktion zur Verf\u00fcgung stellen m\u00f6chten? Wir nehmen sie gerne an! Auf Wunsch holen wir die H\u00fcte auch pers\u00f6nlich bei Ihnen ab.<\/li>\n<li style=\"font-weight: 400;\"><strong> Spendenempf\u00e4nger werden<\/strong><br \/>\nIhre Einrichtung betreut schwer erkrankte Kinder oder Jugendliche und m\u00f6chte von der n\u00e4chsten Spendenaktion profitieren? Dann setzen Sie sich mit uns in Verbindung \u2013 wir leiten Ihre Anfrage gerne an <strong>Sonja Kellner<\/strong> weiter.<\/li>\n<\/ol>\n<p>[\/vc_column_text][\/vc_column][vc_column width=&#8220;1\/2&#8243;][vc_single_image image=&#8220;2466&#8243; img_size=&#8220;large&#8220; qode_css_animation=&#8220;&#8220;][vc_empty_space height=&#8220;64px&#8220;][vc_column_text]<\/p>\n<p style=\"font-weight: 400;\"><strong>Kontakt:<\/strong> <a href=\"mailto:verein@pallicura.de\">verein@pallicura.de<\/a><\/p>\n<p style=\"font-weight: 400;\">Helfen Sie mit und machen Sie aus einem alten Hut eine gute Tat!<\/p>\n<p>[\/vc_column_text][\/vc_column][\/vc_row][vc_row css_animation=&#8220;&#8220; row_type=&#8220;row&#8220; use_row_as_full_screen_section=&#8220;no&#8220; type=&#8220;full_width&#8220; angled_section=&#8220;no&#8220; text_align=&#8220;left&#8220; background_image_as_pattern=&#8220;without_pattern&#8220;][vc_column][vc_empty_space][\/vc_column][\/vc_row]<\/p>\n","protected":false},"excerpt":{"rendered":"<p>[vc_row css_animation=&#8220;&#8220; row_type=&#8220;row&#8220; use_row_as_full_screen_section=&#8220;no&#8220; type=&#8220;grid&#8220; angled_section=&#8220;no&#8220; text_align=&#8220;left&#8220; background_image_as_pattern=&#8220;without_pattern&#8220; z_index=&#8220;&#8220; padding_top=&#8220;100&#8243; padding_bottom=&#8220;35&#8243;][vc_column width=&#8220;1\/2&#8243;][vc_column_text css=&#8220;.vc_custom_1738970716130{padding-bottom: 35px !important;}&#8220;] B\u00fcrgerfesthut \u2013 Ein alter Hut tut gut &nbsp; Unter dem Motto \u201eEin alter Hut tut gut\u201c organisiert der Pallicura F\u00f6rderverein e.V. alle zwei Jahre auf dem Schwandorfer B\u00fcrgerfest eine besondere&#8230;<\/p>\n","protected":false},"author":1,"featured_media":0,"parent":0,"menu_order":0,"comment_status":"closed","ping_status":"closed","template":"full_width.php","meta":{"footnotes":""},"class_list":["post-2449","page","type-page","status-publish","hentry"],"_links":{"self":[{"href":"https:\/\/pallicura.de\/verein\/wp-json\/wp\/v2\/pages\/2449","targetHints":{"allow":["GET"]}}],"collection":[{"href":"https:\/\/pallicura.de\/verein\/wp-json\/wp\/v2\/pages"}],"about":[{"href":"https:\/\/pallicura.de\/verein\/wp-json\/wp\/v2\/types\/page"}],"author":[{"embeddable":true,"href":"https:\/\/pallicura.de\/verein\/wp-json\/wp\/v2\/users\/1"}],"replies":[{"embeddable":true,"href":"https:\/\/pallicura.de\/verein\/wp-json\/wp\/v2\/comments?post=2449"}],"version-history":[{"count":16,"href":"https:\/\/pallicura.de\/verein\/wp-json\/wp\/v2\/pages\/2449\/revisions"}],"predecessor-version":[{"id":2717,"href":"https:\/\/pallicura.de\/verein\/wp-json\/wp\/v2\/pages\/2449\/revisions\/2717"}],"wp:attachment":[{"href":"https:\/\/pallicura.de\/verein\/wp-json\/wp\/v2\/media?parent=2449"}],"curies":[{"name":"wp","href":"https:\/\/api.w.org\/{rel}","templated":true}]}}