{"id":2769,"date":"2025-09-12T00:13:53","date_gmt":"2025-09-11T22:13:53","guid":{"rendered":"https:\/\/pallicura.de\/verein\/?page_id=2769"},"modified":"2025-09-15T10:52:10","modified_gmt":"2025-09-15T08:52:10","slug":"mundpflegeprodukte","status":"publish","type":"page","link":"https:\/\/pallicura.de\/verein\/mundpflegeprodukte\/","title":{"rendered":"MUNDPFLEGEPRODUKTE"},"content":{"rendered":"<p>[vc_row css_animation=&#8220;&#8220; row_type=&#8220;row&#8220; use_row_as_full_screen_section=&#8220;no&#8220; type=&#8220;grid&#8220; angled_section=&#8220;no&#8220; text_align=&#8220;left&#8220; background_image_as_pattern=&#8220;without_pattern&#8220; z_index=&#8220;&#8220; padding_top=&#8220;100&#8243; padding_bottom=&#8220;35&#8243;][vc_column][vc_column_text css=&#8220;.vc_custom_1757628802583{padding-bottom: 35px !important;}&#8220;]<\/p>\n<p style=\"font-weight: 400;\"><strong>Mundpflegeprodukte<\/strong><br \/>\nWir stellen hilfreiche Produkte zur Verf\u00fcgung, die speziell zur Pflege bei Mundtrockenheit und anderen Beschwerden im Mundraum geeignet sind. Eine gezielte Mundpflege kann das Schlucken, Sprechen und Essen erleichtern und so das Wohlbefinden der Patient*innen deutlich verbessern. Durch den Einsatz geeigneter Produkte lassen sich zudem Infektionen und Schmerzen im Mundraum vorbeugen.<\/p>\n<p style=\"font-weight: 400;\"><strong>\u00a0<\/strong><\/p>\n<p style=\"font-weight: 400;\"><strong>Wichtiger Hinweis zu den Kosten<\/strong><br \/>\nDie Kosten f\u00fcr die Mundpflegeprodukte werden in der Regel nicht von den Krankenkassen \u00fcbernommen. Um allen unseren SAPV-Patient*innen den Zugang zu dieser unterst\u00fctzenden Ma\u00dfnahme zu erm\u00f6glichen, \u00fcbernimmt der Pallicura F\u00f6rderverein die Finanzierung \u2013 dank der gro\u00dfz\u00fcgigen Unterst\u00fctzung durch Spenden.<\/p>\n<p style=\"font-weight: 400;\"><strong>\u00a0<\/strong><\/p>\n<p style=\"font-weight: 400;\"><strong>Ihre Spende macht den Unterschied!<\/strong><br \/>\nIhre Spende erm\u00f6glicht es uns, die Mundpflegeprodukte kostenfrei f\u00fcr unsere SAPV-Patient*innen bereitzustellen und damit einen wertvollen Beitrag zu ihrem Wohlbefinden zu leisten. Jeder Beitrag hilft, Menschen in schweren Zeiten ein St\u00fcck Lebensqualit\u00e4t zur\u00fcckzugeben.<\/p>\n<p>[\/vc_column_text][\/vc_column][\/vc_row]<\/p>\n","protected":false},"excerpt":{"rendered":"<p>[vc_row css_animation=&#8220;&#8220; row_type=&#8220;row&#8220; use_row_as_full_screen_section=&#8220;no&#8220; type=&#8220;grid&#8220; angled_section=&#8220;no&#8220; text_align=&#8220;left&#8220; background_image_as_pattern=&#8220;without_pattern&#8220; z_index=&#8220;&#8220; padding_top=&#8220;100&#8243; padding_bottom=&#8220;35&#8243;][vc_column][vc_column_text css=&#8220;.vc_custom_1757628802583{padding-bottom: 35px !important;}&#8220;] Mundpflegeprodukte Wir stellen hilfreiche Produkte zur Verf\u00fcgung, die speziell zur Pflege bei Mundtrockenheit und anderen Beschwerden im Mundraum geeignet sind. Eine gezielte Mundpflege kann das Schlucken, Sprechen und Essen erleichtern und&#8230;<\/p>\n","protected":false},"author":3,"featured_media":0,"parent":0,"menu_order":0,"comment_status":"closed","ping_status":"closed","template":"full_width.php","meta":{"footnotes":""},"class_list":["post-2769","page","type-page","status-publish","hentry"],"_links":{"self":[{"href":"https:\/\/pallicura.de\/verein\/wp-json\/wp\/v2\/pages\/2769","targetHints":{"allow":["GET"]}}],"collection":[{"href":"https:\/\/pallicura.de\/verein\/wp-json\/wp\/v2\/pages"}],"about":[{"href":"https:\/\/pallicura.de\/verein\/wp-json\/wp\/v2\/types\/page"}],"author":[{"embeddable":true,"href":"https:\/\/pallicura.de\/verein\/wp-json\/wp\/v2\/users\/3"}],"replies":[{"embeddable":true,"href":"https:\/\/pallicura.de\/verein\/wp-json\/wp\/v2\/comments?post=2769"}],"version-history":[{"count":1,"href":"https:\/\/pallicura.de\/verein\/wp-json\/wp\/v2\/pages\/2769\/revisions"}],"predecessor-version":[{"id":2770,"href":"https:\/\/pallicura.de\/verein\/wp-json\/wp\/v2\/pages\/2769\/revisions\/2770"}],"wp:attachment":[{"href":"https:\/\/pallicura.de\/verein\/wp-json\/wp\/v2\/media?parent=2769"}],"curies":[{"name":"wp","href":"https:\/\/api.w.org\/{rel}","templated":true}]}}